{"id":87,"date":"2021-12-26T05:29:13","date_gmt":"2021-12-26T04:29:13","guid":{"rendered":"https:\/\/mycannes-is-magic.com\/?page_id=87"},"modified":"2021-12-26T05:29:14","modified_gmt":"2021-12-26T04:29:14","slug":"missions","status":"publish","type":"page","link":"https:\/\/mycannes-is-magic.com\/en\/missions\/","title":{"rendered":"Missions"},"content":{"rendered":"\n<section id=\"missions\" class=\"horizontal-container section-3\">\n\t<div class=\"section-image background-image\" style=\"background-image:url('https:\/\/mycannes-is-magic.com\/content\/uploads\/2021\/12\/pic_3.jpg')\">\n\t\t<div class=\"hover-image-container\">\n\t\t\t<div class=\"hover-image\">\n\t\t\t\t<h2>MISSIONS<\/h2>\n\t\t\t\t<div class=\"hover-image-separator\"><\/div>\n\t\t\t\t<h3>PROFITEZ DE NOTRE EXPERTISE DE L&#8217;ENTERTAINMENT, DE NOTRE IMAGINATION ET DE NOTRE CARNET D&#8217;ADRESSES LOCALES<\/h3>\n\t\t\t<\/div>\n\t\t<\/div>\n\t<\/div>\n\n\t<div class=\"section-body horizontal-inner-container\">\n\t\t<div class=\"col-50\">\n\t\t\t<h4 class=\"c-1\">NOTRE ROLE<\/h4>\n\t\t\t<p>\n\t\t\t\tMettez notre mati\u00e8re grise et notre &#8220;Happy Spirit&#8221; en \u00e9bullition !<br>\n\t\t\t\tPartenaire bienveillant de vos \u00e9quipes et conseils, nous vous apportons la fra\u00eecheur d\u2019un regard ext\u00e9rieur affut\u00e9, un souffle d\u2019id\u00e9es &#8220;s\u00e9rieusement&#8221; ludiques et un r\u00e9seau relationnel riche de 25 ann\u00e9es en premi\u00e8re ligne sur le terrain !\n\t\t\t<\/p>\n\n\t\t\t<h4 class=\"c-1\">NOTRE MODE DE REMUNERATION<\/h4>\n\n\t\t\t<p>\n\t\t\t\tApr\u00e8s avoir d\u00e9fini ensemble votre &#8220;Event\/Party Wishlist&#8221;, nous \u00e9tablissons le devis de nos honoraires conseils forfaitaires en fonction de la nature et de l\u2019\u00e9tendue de vos besoins et le budget pr\u00e9visionnel des prestations n\u00e9goci\u00e9es sp\u00e9cialement pour vous.\n\t\t\t<\/p>\n\t\t<\/div>\n\t\t\t\n\t\t<div class=\"col-50\">\n\t\t\t<h4 class=\"c-1\">NOS MISSIONS<\/h4>\n\n\t\t\t<p>\n\t\t\t\tLorsque nous les acceptons\u2026\n\t\t\t\t<br>\n\t\t\t\tImaginer et \u00e9crire l\u2019histoire de votre \u00e9v\u00e9nement, susciter du sourire et de l\u2019euphorie, cr\u00e9er de la surprise et des souvenirs !<br>\n\t\t\t\tVous accompagner pour trouver le lieu o\u00f9 mettre en sc\u00e8ne le concept qui vous ressemble, r\u00e9pondre \u00e0 toutes vos attentes \u00e9v\u00e9nementielles, n\u00e9gocier les meilleures conditions aupr\u00e8s de nos prestataires hors pairs.\n\t\t\t<\/p>\n\n\t\t\t<h4 class=\"c-1\">NOS TERRAINS DE JEUX<\/h4>\n\n\t\t\t<p>\n\t\t\t\tNouveaut\u00e9s ou lieux incontournables &#8211; bars, restaurants, h\u00f4tels, clubs, stades, salles, lieux de vie&#8230; -, nous avons l\u2019oeil et toutes les infos.&nbsp;<br>\n\t\t\t\tProfitez de nos bonnes adresses\u2026 nouvelles, connues &amp; secr\u00e8tes !\n\t\t\t<\/p>\n\t\t<\/div>\n\t\t\n\t\t<div class=\"separator\"><\/div>\n\t<\/div>\n<\/section>\n","protected":false},"excerpt":{"rendered":"<p>MISSIONS PROFITEZ DE NOTRE EXPERTISE DE L&#8217;ENTERTAINMENT, DE NOTRE IMAGINATION ET DE NOTRE CARNET D&#8217;ADRESSES LOCALES NOTRE ROLE Mettez notre mati\u00e8re grise et notre &#8220;Happy Spirit&#8221; en \u00e9bullition ! Partenaire bienveillant de vos \u00e9quipes et conseils, nous vous apportons la fra\u00eecheur d\u2019un regard ext\u00e9rieur affut\u00e9, un souffle d\u2019id\u00e9es &#8220;s\u00e9rieusement&#8221; ludiques et un r\u00e9seau relationnel riche [&hellip;]<\/p>\n","protected":false},"author":1,"featured_media":0,"parent":0,"menu_order":0,"comment_status":"closed","ping_status":"closed","template":"","meta":[],"_links":{"self":[{"href":"https:\/\/mycannes-is-magic.com\/en\/wp-json\/wp\/v2\/pages\/87"}],"collection":[{"href":"https:\/\/mycannes-is-magic.com\/en\/wp-json\/wp\/v2\/pages"}],"about":[{"href":"https:\/\/mycannes-is-magic.com\/en\/wp-json\/wp\/v2\/types\/page"}],"author":[{"embeddable":true,"href":"https:\/\/mycannes-is-magic.com\/en\/wp-json\/wp\/v2\/users\/1"}],"replies":[{"embeddable":true,"href":"https:\/\/mycannes-is-magic.com\/en\/wp-json\/wp\/v2\/comments?post=87"}],"version-history":[{"count":1,"href":"https:\/\/mycannes-is-magic.com\/en\/wp-json\/wp\/v2\/pages\/87\/revisions"}],"predecessor-version":[{"id":88,"href":"https:\/\/mycannes-is-magic.com\/en\/wp-json\/wp\/v2\/pages\/87\/revisions\/88"}],"wp:attachment":[{"href":"https:\/\/mycannes-is-magic.com\/en\/wp-json\/wp\/v2\/media?parent=87"}],"curies":[{"name":"wp","href":"https:\/\/api.w.org\/{rel}","templated":true}]}}