{"id":85,"date":"2021-12-26T05:28:47","date_gmt":"2021-12-26T04:28:47","guid":{"rendered":"https:\/\/mycannes-is-magic.com\/?page_id=85"},"modified":"2021-12-26T05:40:41","modified_gmt":"2021-12-26T04:40:41","slug":"history","status":"publish","type":"page","link":"https:\/\/mycannes-is-magic.com\/en\/history\/","title":{"rendered":"History"},"content":{"rendered":"\n<section id=\"histoire\" class=\"horizontal-container section-6\">\n\t<div class=\"section-image background-image\" style=\"background-image:url('https:\/\/mycannes-is-magic.com\/content\/uploads\/2021\/12\/foto-6.jpg')\">\n\t\t<div class=\"hover-image-container\">\n\t\t\t<div class=\"hover-image\">\n\t\t\t\t<h2>HISTOIRE<\/h2>\n\t\t\t\t<div class=\"hover-image-separator\"><\/div>\n\t\t\t\t<h3>25 ANS DE F\u00caTES &amp; D\u2019\u00c9V\u00c9NEMENTS<\/h3>\n\t\t\t<\/div>\n\t\t<\/div>\n\t<\/div>\n\n\t<div class=\"section-body horizontal-inner-container\">\n\t\t<div class=\"col-50\">\n\t\t\t<h4 class=\"c-1\">HERV\u00c9 PROUTEAU<\/h4>\n\t\t\t<p>\n\t\t\t\tFils de pub, oiseau de nuit et happy entrepreneur dans l\u2019\u00e2me, a toujours conjugu\u00e9 la f\u00eate et la belle vie&#8230; Apr\u00e8s quelques ann\u00e9es en agence puis chez l\u2019annonceur, il s\u2019int\u00e9resse au divertissement, en compl\u00e9ment des f\u00eates qu\u2019il organise&#8230; Et c\u2019est avec les encouragements de son parrain de c\u0153ur, Christian Blachas (journaliste, chef d\u2019entreprise et producteur t\u00e9l\u00e9 CBNews et culture Pub) qu\u2019il se lance dans la presse.\n\t\t\t<\/p>\n\t\t<\/div>\n\n\t\t<div class=\"col-50\">\n\t\t\t<h4 class=\"c-1\">CO-FONDATEUR DU MAGAZINE INFRAROUGE<\/h4>\n\n\t\t\t<p>\n\t\t\t\tInfrarouge, premier magazine gratuit sur la nuit,<br>\n\t\t\t\t\u00aben vente nulle part\u00bb voit le jour en 1998,<br>\n\t\t\t\tbien avant l\u2019essor de la presse gratuite\u2026<br>\n\t\t\t\t<br>\n\t\t\t\t18 ans de rencontres, de d\u00e9couvertes, d\u2019interviews<br>\n\t\t\t\tet de reportages sur les \u00e9v\u00e9nements et les tendances<br>\n\t\t\t\taux 4 coins de la plan\u00e8te.\n\t\t\t<\/p>\n\t\t<\/div>\n\t<\/div>\n\n\t<div class=\"separator\"><\/div>\n\n\t<div class=\"section-body horizontal-inner-container limit-width\" style=\"margin-top: 0; padding-top: 0\">\n\t\t<h4 class=\"c-1\">25 ANS DE F\u00caTES &amp; D\u2019\u00c9V\u00c9NEMENTS<\/h4>\n\n\t\t<p>\n\t\t\tEn parall\u00e8le des happening \u00ab priv\u00e9s \u00bb imagin\u00e9s pour des soci\u00e9t\u00e9s et des particuliers, ses soir\u00e9es \u00ab ouvertes au public \u00bb rassemblent r\u00e9guli\u00e8rement nombre de \ufb01d\u00e8les exigeants et tr\u00e8s sollicit\u00e9s !<br>\n\t\t\t\u00ab Petit Chalet entre Amis \u00bb, \u00ab Minuit au lit \u00bb, \u00ab La Trop\u00e9zienne du Trocad\u00e9ro \u00bb&#8230;\n\t\t<\/p>\n\t<\/div>\n<\/section>\n\n\n\n<section id=\"references\" class=\"horizontal-container section-5\">\n\t<div class=\"section-image background-image\" style=\"background-image:url('medias\/1525680494\/pic1.jpg')\">\n\t\t<div class=\"hover-image-container\">\n\t\t\t<div class=\"hover-image\">\n\t\t\t\t<h2>R\u00c9F\u00c9RENCES<\/H2>\n\t\t\t\t<div class=\"hover-image-separator\"><\/div>\n\t\t\t\t<h3>Du plus international au plus artisanal, de Gazprom \u00e0 Archimage !<\/h3>\n\t\t\t<\/div>\n\t\t<\/div>\n\t<\/div>\n\n\t<div class=\"section-body horizontal-inner-container  limit-width\">\n\t\t<p>\n\t\t\tPME, TPE, Start-up, de toutes jeunes et de grandes marques, vous ne saurez rien ou presque, sur celles et ceux que nous conseillons&hellip;<br \/>\n\t\t\tL&rsquo;important n&rsquo;est pas vraiment &laquo; pour qui &raquo; on le fait, mais &laquo;ce que&raquo; l&rsquo;on fait.<br \/>\n\t\t\tEnsemble, nous donnons vie aux plus belles occasions de marquer les esprits.\n\t\t<\/p>\n\t<\/div>\n<\/section>\n","protected":false},"excerpt":{"rendered":"<p>HISTOIRE 25 ANS DE F\u00caTES &amp; D\u2019\u00c9V\u00c9NEMENTS HERV\u00c9 PROUTEAU Fils de pub, oiseau de nuit et happy entrepreneur dans l\u2019\u00e2me, a toujours conjugu\u00e9 la f\u00eate et la belle vie&#8230; Apr\u00e8s quelques ann\u00e9es en agence puis chez l\u2019annonceur, il s\u2019int\u00e9resse au divertissement, en compl\u00e9ment des f\u00eates qu\u2019il organise&#8230; Et c\u2019est avec les encouragements de son parrain [&hellip;]<\/p>\n","protected":false},"author":1,"featured_media":0,"parent":0,"menu_order":0,"comment_status":"closed","ping_status":"closed","template":"","meta":[],"_links":{"self":[{"href":"https:\/\/mycannes-is-magic.com\/en\/wp-json\/wp\/v2\/pages\/85"}],"collection":[{"href":"https:\/\/mycannes-is-magic.com\/en\/wp-json\/wp\/v2\/pages"}],"about":[{"href":"https:\/\/mycannes-is-magic.com\/en\/wp-json\/wp\/v2\/types\/page"}],"author":[{"embeddable":true,"href":"https:\/\/mycannes-is-magic.com\/en\/wp-json\/wp\/v2\/users\/1"}],"replies":[{"embeddable":true,"href":"https:\/\/mycannes-is-magic.com\/en\/wp-json\/wp\/v2\/comments?post=85"}],"version-history":[{"count":3,"href":"https:\/\/mycannes-is-magic.com\/en\/wp-json\/wp\/v2\/pages\/85\/revisions"}],"predecessor-version":[{"id":101,"href":"https:\/\/mycannes-is-magic.com\/en\/wp-json\/wp\/v2\/pages\/85\/revisions\/101"}],"wp:attachment":[{"href":"https:\/\/mycannes-is-magic.com\/en\/wp-json\/wp\/v2\/media?parent=85"}],"curies":[{"name":"wp","href":"https:\/\/api.w.org\/{rel}","templated":true}]}}