{"id":83,"date":"2021-12-26T05:28:22","date_gmt":"2021-12-26T04:28:22","guid":{"rendered":"https:\/\/mycannes-is-magic.com\/?page_id=83"},"modified":"2021-12-26T05:28:23","modified_gmt":"2021-12-26T04:28:23","slug":"focus-expert","status":"publish","type":"page","link":"https:\/\/mycannes-is-magic.com\/en\/focus-expert\/","title":{"rendered":"Focus Expert"},"content":{"rendered":"\n<section id=\"focus-expert\" class=\"horizontal-container section-4 \">\n\t<div class=\"section-image background-image\" style=\"background-image:url('https:\/\/mycannes-is-magic.com\/content\/uploads\/2021\/12\/pic_4.jpg')\">\n\t\t<div class=\"hover-image-container\">\n\t\t\t<div class=\"hover-image\">\n\t\t\t\t<h2>FOCUS EXPERT <br> SALONS &amp; FESTIVALS<\/h2>\n\t\t\t\t<div class=\"hover-image-separator\"><\/div>\n\t\t\t\t<h3>550\u20ac HT<\/h3>\n\t\t\t<\/div>\n\t\t<\/div>\n\t<\/div>\n\n\t<div class=\"section-body horizontal-inner-container limit-width\">\n\t\t<p>\n\t\t\t<strong>Midem &#8211; Tax Free &#8211; Mipcom &#8211; Mare di Moda &#8211; Mipim &#8211; Mapic &#8211; Workplace<br>\n\t\t\tYachting Festival &#8211; FIF &#8211; Festival de la Pub<\/strong>\n\t\t<\/p>\n\n\t\t<p>\n\t\t\tLa pr\u00e9paration de votre \u00e9v\u00e9nement est d\u00e9j\u00e0 bien avanc\u00e9e, et vous souhaitez le soumettre \u00e0 notre diagnostic \u00abgentiment f\u00e9roce\u00bb ? Il est toujours temps de faire mieux\u2026<br>\n\t\t\tLe secret d\u2019un \u00e9v\u00e9nement r\u00e9ussi ? Une belle id\u00e9e et une somme de petits d\u00e9tails qui font toute la diff\u00e9rence\u2026<br>\n\t\t\t<strong>My Cannes is magic !&nbsp;<\/strong> vous propose son \u00abcoup d\u2019\u0153il expert\u00bb qui, en toute confidentialit\u00e9 bien s\u00fbr, et en 45 mn chrono, saura enrichir vos id\u00e9es, optimiser vos achats, attirer votre attention sur les points importants pass\u00e9s \u00e0 la trappe ; ou vous sugg\u00e9rer des solutions, des th\u00e8mes d\u2019animations et des prestataires \u00abvenus d\u2019ailleurs\u00bb !\n\t\t<\/p>\n\t<\/div>\n<\/section>\n","protected":false},"excerpt":{"rendered":"<p>FOCUS EXPERT SALONS &amp; FESTIVALS 550\u20ac HT Midem &#8211; Tax Free &#8211; Mipcom &#8211; Mare di Moda &#8211; Mipim &#8211; Mapic &#8211; Workplace Yachting Festival &#8211; FIF &#8211; Festival de la Pub La pr\u00e9paration de votre \u00e9v\u00e9nement est d\u00e9j\u00e0 bien avanc\u00e9e, et vous souhaitez le soumettre \u00e0 notre diagnostic \u00abgentiment f\u00e9roce\u00bb ? Il est toujours [&hellip;]<\/p>\n","protected":false},"author":1,"featured_media":0,"parent":0,"menu_order":0,"comment_status":"closed","ping_status":"closed","template":"","meta":[],"_links":{"self":[{"href":"https:\/\/mycannes-is-magic.com\/en\/wp-json\/wp\/v2\/pages\/83"}],"collection":[{"href":"https:\/\/mycannes-is-magic.com\/en\/wp-json\/wp\/v2\/pages"}],"about":[{"href":"https:\/\/mycannes-is-magic.com\/en\/wp-json\/wp\/v2\/types\/page"}],"author":[{"embeddable":true,"href":"https:\/\/mycannes-is-magic.com\/en\/wp-json\/wp\/v2\/users\/1"}],"replies":[{"embeddable":true,"href":"https:\/\/mycannes-is-magic.com\/en\/wp-json\/wp\/v2\/comments?post=83"}],"version-history":[{"count":1,"href":"https:\/\/mycannes-is-magic.com\/en\/wp-json\/wp\/v2\/pages\/83\/revisions"}],"predecessor-version":[{"id":84,"href":"https:\/\/mycannes-is-magic.com\/en\/wp-json\/wp\/v2\/pages\/83\/revisions\/84"}],"wp:attachment":[{"href":"https:\/\/mycannes-is-magic.com\/en\/wp-json\/wp\/v2\/media?parent=83"}],"curies":[{"name":"wp","href":"https:\/\/api.w.org\/{rel}","templated":true}]}}